{"id":8720,"date":"2024-09-19T11:08:20","date_gmt":"2024-09-19T09:08:20","guid":{"rendered":"https:\/\/njcreditrepairllc.com\/descargo-de-responsabilidad-general\/"},"modified":"2024-09-23T08:47:41","modified_gmt":"2024-09-23T06:47:41","slug":"descargo-de-responsabilidad-general","status":"publish","type":"page","link":"https:\/\/njcreditrepairllc.com\/es\/descargo-de-responsabilidad-general\/","title":{"rendered":"Descargo de responsabilidad general"},"content":{"rendered":"\t\t<div data-elementor-type=\"wp-page\" data-elementor-id=\"8720\" class=\"elementor elementor-8720 elementor-7859\" data-elementor-settings=\"{&quot;element_pack_global_tooltip_width&quot;:{&quot;unit&quot;:&quot;px&quot;,&quot;size&quot;:&quot;&quot;,&quot;sizes&quot;:[]},&quot;element_pack_global_tooltip_width_laptop&quot;:{&quot;unit&quot;:&quot;px&quot;,&quot;size&quot;:&quot;&quot;,&quot;sizes&quot;:[]},&quot;element_pack_global_tooltip_width_tablet&quot;:{&quot;unit&quot;:&quot;px&quot;,&quot;size&quot;:&quot;&quot;,&quot;sizes&quot;:[]},&quot;element_pack_global_tooltip_width_mobile&quot;:{&quot;unit&quot;:&quot;px&quot;,&quot;size&quot;:&quot;&quot;,&quot;sizes&quot;:[]},&quot;element_pack_global_tooltip_padding&quot;:{&quot;unit&quot;:&quot;px&quot;,&quot;top&quot;:&quot;&quot;,&quot;right&quot;:&quot;&quot;,&quot;bottom&quot;:&quot;&quot;,&quot;left&quot;:&quot;&quot;,&quot;isLinked&quot;:true},&quot;element_pack_global_tooltip_padding_laptop&quot;:{&quot;unit&quot;:&quot;px&quot;,&quot;top&quot;:&quot;&quot;,&quot;right&quot;:&quot;&quot;,&quot;bottom&quot;:&quot;&quot;,&quot;left&quot;:&quot;&quot;,&quot;isLinked&quot;:true},&quot;element_pack_global_tooltip_padding_tablet&quot;:{&quot;unit&quot;:&quot;px&quot;,&quot;top&quot;:&quot;&quot;,&quot;right&quot;:&quot;&quot;,&quot;bottom&quot;:&quot;&quot;,&quot;left&quot;:&quot;&quot;,&quot;isLinked&quot;:true},&quot;element_pack_global_tooltip_padding_mobile&quot;:{&quot;unit&quot;:&quot;px&quot;,&quot;top&quot;:&quot;&quot;,&quot;right&quot;:&quot;&quot;,&quot;bottom&quot;:&quot;&quot;,&quot;left&quot;:&quot;&quot;,&quot;isLinked&quot;:true},&quot;element_pack_global_tooltip_border_radius&quot;:{&quot;unit&quot;:&quot;px&quot;,&quot;top&quot;:&quot;&quot;,&quot;right&quot;:&quot;&quot;,&quot;bottom&quot;:&quot;&quot;,&quot;left&quot;:&quot;&quot;,&quot;isLinked&quot;:true},&quot;element_pack_global_tooltip_border_radius_laptop&quot;:{&quot;unit&quot;:&quot;px&quot;,&quot;top&quot;:&quot;&quot;,&quot;right&quot;:&quot;&quot;,&quot;bottom&quot;:&quot;&quot;,&quot;left&quot;:&quot;&quot;,&quot;isLinked&quot;:true},&quot;element_pack_global_tooltip_border_radius_tablet&quot;:{&quot;unit&quot;:&quot;px&quot;,&quot;top&quot;:&quot;&quot;,&quot;right&quot;:&quot;&quot;,&quot;bottom&quot;:&quot;&quot;,&quot;left&quot;:&quot;&quot;,&quot;isLinked&quot;:true},&quot;element_pack_global_tooltip_border_radius_mobile&quot;:{&quot;unit&quot;:&quot;px&quot;,&quot;top&quot;:&quot;&quot;,&quot;right&quot;:&quot;&quot;,&quot;bottom&quot;:&quot;&quot;,&quot;left&quot;:&quot;&quot;,&quot;isLinked&quot;:true}}\" data-elementor-post-type=\"page\">\n\t\t\t\t<div class=\"elementor-element elementor-element-11ac90f e-flex e-con-boxed e-con e-parent\" data-id=\"11ac90f\" data-element_type=\"container\" data-settings=\"{&quot;ekit_has_onepagescroll_dot&quot;:&quot;yes&quot;}\">\n\t\t\t\t\t<div class=\"e-con-inner\">\n\t\t\t\t<div class=\"elementor-element elementor-element-5f867784 elementor-widget elementor-widget-text-editor\" data-id=\"5f867784\" data-element_type=\"widget\" data-settings=\"{&quot;ekit_we_effect_on&quot;:&quot;none&quot;}\" data-widget_type=\"text-editor.default\">\n\t\t\t\t<div class=\"elementor-widget-container\">\n\t\t\t\t\t\t\t\t\t\n<p>Se ha hecho todo lo posible para representar con precisi\u00f3n este producto y su potencial. Aunque esta industria es una de las pocas en las que uno puede escribir su propio cheque en t\u00e9rminos de ganancias, no hay ninguna garant\u00eda de que vayas a ganar dinero utilizando las t\u00e9cnicas e ideas de estos materiales. Los ejemplos de estos materiales no deben interpretarse como una promesa o garant\u00eda de ganancias. El potencial de ganancias depende totalmente de la persona que utilice nuestro producto, ideas y t\u00e9cnicas. No pretendemos que esto sea un \u00abplan para hacerse rico\u00bb.    <\/p>\n\n\n\n<p>Cualquier afirmaci\u00f3n sobre ganancias reales o ejemplos de resultados reales puede verificarse previa solicitud. Tu nivel de \u00e9xito en la consecuci\u00f3n de los resultados reivindicados en nuestros materiales depende del tiempo que dediques al programa, de las ideas y t\u00e9cnicas mencionadas, de tus finanzas, conocimientos y habilidades diversas. Dado que estos factores difieren seg\u00fan las personas, no podemos garantizar tu \u00e9xito ni tu nivel de ingresos. Tampoco somos responsables de ninguna de tus acciones.   <\/p>\n\n\n\n<p>Los materiales de nuestro producto y nuestro sitio web pueden contener informaci\u00f3n que incluya o se base en declaraciones prospectivas en el sentido de la ley de reforma de litigios sobre valores de 1995. Puedes identificar estas afirmaciones por el hecho de que no se refieren estrictamente a hechos hist\u00f3ricos o actuales. Utilizan palabras como \u00abprever\u00bb, \u00abestimar\u00bb, \u00abesperar\u00bb, \u00abproyectar\u00bb, \u00abpretender\u00bb, \u00abplanificar\u00bb, \u00abcreer\u00bb y otras palabras y t\u00e9rminos de significado similar en relaci\u00f3n con una descripci\u00f3n de posibles ganancias o resultados financieros.  <\/p>\n\n\n\n<p>Muchos factores ser\u00e1n importantes a la hora de determinar tus resultados reales y no se garantiza que vayas a conseguir resultados similares a los nuestros o a los de cualquier otra persona; de hecho, no se garantiza que vayas a conseguir ning\u00fan resultado a partir de las ideas y t\u00e9cnicas de nuestro material.<\/p>\n\n\n\n<p>Publicado por&nbsp; NJ<strong>CREDIT REPAIR, LLC<\/strong><\/p>\n\n\n\n<p><strong>466 Avenida Hackensack #1217<\/strong><\/p>\n\n\n\n<p><strong>Hackensack, NJ 07601<\/strong><\/p>\n\n\n\n<p><strong>Estados Unidos<\/strong><\/p>\n\t\t\t\t\t\t\t\t<\/div>\n\t\t\t\t<\/div>\n\t\t\t\t\t<\/div>\n\t\t\t\t<\/div>\n\t\t\t\t<\/div>\n\t\t","protected":false},"excerpt":{"rendered":"<p>Se ha hecho todo lo posible para representar con precisi\u00f3n este producto y su potencial. Aunque esta industria es una de las pocas en las que uno puede escribir su propio cheque en t\u00e9rminos de ganancias, no hay ninguna garant\u00eda de que vayas a ganar dinero utilizando las t\u00e9cnicas e ideas de estos materiales. Los [&hellip;]<\/p>\n","protected":false},"author":1,"featured_media":0,"parent":0,"menu_order":0,"comment_status":"closed","ping_status":"closed","template":"elementor_header_footer","meta":{"_acf_changed":false,"footnotes":""},"class_list":["post-8720","page","type-page","status-publish","hentry"],"acf":[],"_links":{"self":[{"href":"https:\/\/njcreditrepairllc.com\/es\/wp-json\/wp\/v2\/pages\/8720","targetHints":{"allow":["GET"]}}],"collection":[{"href":"https:\/\/njcreditrepairllc.com\/es\/wp-json\/wp\/v2\/pages"}],"about":[{"href":"https:\/\/njcreditrepairllc.com\/es\/wp-json\/wp\/v2\/types\/page"}],"author":[{"embeddable":true,"href":"https:\/\/njcreditrepairllc.com\/es\/wp-json\/wp\/v2\/users\/1"}],"replies":[{"embeddable":true,"href":"https:\/\/njcreditrepairllc.com\/es\/wp-json\/wp\/v2\/comments?post=8720"}],"version-history":[{"count":0,"href":"https:\/\/njcreditrepairllc.com\/es\/wp-json\/wp\/v2\/pages\/8720\/revisions"}],"wp:attachment":[{"href":"https:\/\/njcreditrepairllc.com\/es\/wp-json\/wp\/v2\/media?parent=8720"}],"curies":[{"name":"wp","href":"https:\/\/api.w.org\/{rel}","templated":true}]}}