{"id":8724,"date":"2024-09-19T11:07:10","date_gmt":"2024-09-19T09:07:10","guid":{"rendered":"https:\/\/njcreditrepairllc.com\/politica-de-privacidad\/"},"modified":"2024-09-25T07:43:52","modified_gmt":"2024-09-25T05:43:52","slug":"politica-de-privacidad","status":"publish","type":"page","link":"https:\/\/njcreditrepairllc.com\/es\/politica-de-privacidad\/","title":{"rendered":"Pol\u00edtica de privacidad"},"content":{"rendered":"\t\t<div data-elementor-type=\"wp-page\" data-elementor-id=\"8724\" class=\"elementor elementor-8724 elementor-7852\" data-elementor-settings=\"{&quot;element_pack_global_tooltip_width&quot;:{&quot;unit&quot;:&quot;px&quot;,&quot;size&quot;:&quot;&quot;,&quot;sizes&quot;:[]},&quot;element_pack_global_tooltip_width_laptop&quot;:{&quot;unit&quot;:&quot;px&quot;,&quot;size&quot;:&quot;&quot;,&quot;sizes&quot;:[]},&quot;element_pack_global_tooltip_width_tablet&quot;:{&quot;unit&quot;:&quot;px&quot;,&quot;size&quot;:&quot;&quot;,&quot;sizes&quot;:[]},&quot;element_pack_global_tooltip_width_mobile&quot;:{&quot;unit&quot;:&quot;px&quot;,&quot;size&quot;:&quot;&quot;,&quot;sizes&quot;:[]},&quot;element_pack_global_tooltip_padding&quot;:{&quot;unit&quot;:&quot;px&quot;,&quot;top&quot;:&quot;&quot;,&quot;right&quot;:&quot;&quot;,&quot;bottom&quot;:&quot;&quot;,&quot;left&quot;:&quot;&quot;,&quot;isLinked&quot;:true},&quot;element_pack_global_tooltip_padding_laptop&quot;:{&quot;unit&quot;:&quot;px&quot;,&quot;top&quot;:&quot;&quot;,&quot;right&quot;:&quot;&quot;,&quot;bottom&quot;:&quot;&quot;,&quot;left&quot;:&quot;&quot;,&quot;isLinked&quot;:true},&quot;element_pack_global_tooltip_padding_tablet&quot;:{&quot;unit&quot;:&quot;px&quot;,&quot;top&quot;:&quot;&quot;,&quot;right&quot;:&quot;&quot;,&quot;bottom&quot;:&quot;&quot;,&quot;left&quot;:&quot;&quot;,&quot;isLinked&quot;:true},&quot;element_pack_global_tooltip_padding_mobile&quot;:{&quot;unit&quot;:&quot;px&quot;,&quot;top&quot;:&quot;&quot;,&quot;right&quot;:&quot;&quot;,&quot;bottom&quot;:&quot;&quot;,&quot;left&quot;:&quot;&quot;,&quot;isLinked&quot;:true},&quot;element_pack_global_tooltip_border_radius&quot;:{&quot;unit&quot;:&quot;px&quot;,&quot;top&quot;:&quot;&quot;,&quot;right&quot;:&quot;&quot;,&quot;bottom&quot;:&quot;&quot;,&quot;left&quot;:&quot;&quot;,&quot;isLinked&quot;:true},&quot;element_pack_global_tooltip_border_radius_laptop&quot;:{&quot;unit&quot;:&quot;px&quot;,&quot;top&quot;:&quot;&quot;,&quot;right&quot;:&quot;&quot;,&quot;bottom&quot;:&quot;&quot;,&quot;left&quot;:&quot;&quot;,&quot;isLinked&quot;:true},&quot;element_pack_global_tooltip_border_radius_tablet&quot;:{&quot;unit&quot;:&quot;px&quot;,&quot;top&quot;:&quot;&quot;,&quot;right&quot;:&quot;&quot;,&quot;bottom&quot;:&quot;&quot;,&quot;left&quot;:&quot;&quot;,&quot;isLinked&quot;:true},&quot;element_pack_global_tooltip_border_radius_mobile&quot;:{&quot;unit&quot;:&quot;px&quot;,&quot;top&quot;:&quot;&quot;,&quot;right&quot;:&quot;&quot;,&quot;bottom&quot;:&quot;&quot;,&quot;left&quot;:&quot;&quot;,&quot;isLinked&quot;:true}}\" data-elementor-post-type=\"page\">\n\t\t\t\t<div class=\"elementor-element elementor-element-20f91723 e-flex e-con-boxed e-con e-parent\" data-id=\"20f91723\" data-element_type=\"container\" data-settings=\"{&quot;ekit_has_onepagescroll_dot&quot;:&quot;yes&quot;}\">\n\t\t\t\t\t<div class=\"e-con-inner\">\n\t\t\t\t<div class=\"elementor-element elementor-element-1aacfa7b elementor-widget elementor-widget-text-editor\" data-id=\"1aacfa7b\" data-element_type=\"widget\" data-settings=\"{&quot;ekit_we_effect_on&quot;:&quot;none&quot;}\" data-widget_type=\"text-editor.default\">\n\t\t\t\t<div class=\"elementor-widget-container\">\n\t\t\t\t\t\t\t\t\t\n<p><span style=\"font-weight: 400;\">NJ CREDIT REPAIR, LLC se compromete a proteger tu privacidad en l\u00ednea. Esta Pol\u00edtica de Privacidad describe la informaci\u00f3n personal que recopilamos a trav\u00e9s de este sitio web (el \u201csitio\u201d o \u201csitios\u201d), y c\u00f3mo recopilamos y utilizamos esa informaci\u00f3n. <\/span><\/p>\n<p><span style=\"font-weight: 400;\">Los t\u00e9rminos \u201cnosotros\u201d, \u201cnuestro\u201d y \u201cnos\u201d se refieren a NJ CREDIT REPAIR, LLC. Los t\u00e9rminos \u201cusuario\u201d, \u201ct\u00fa\u201d y \u201ctu\u201d se refieren a los visitantes del sitio, clientes y cualquier otro usuario del sitio. <\/span><\/p>\n<p><span style=\"font-weight: 400;\">El t\u00e9rmino \u201cinformaci\u00f3n personal\u201d se define como la informaci\u00f3n que t\u00fa nos proporcionas voluntariamente y que te identifica personalmente y\/o tu informaci\u00f3n de contacto, como tu nombre, y direcci\u00f3n de correo electr\u00f3nico.<\/span><\/p>\n<p><span style=\"font-weight: 400;\">El uso de todos los materiales presentados en este documento y todos los servicios en l\u00ednea proporcionados por NJ CREDIT REPAIR, LLC est\u00e1 sujeto a la siguiente Pol\u00edtica de Privacidad. Esta Pol\u00edtica de Privacidad se aplica a todos los visitantes del sitio, clientes y todos los dem\u00e1s usuarios del sitio. Al usar el sitio o el servicio, aceptas esta Pol\u00edtica de Privacidad, sin modificaciones, y reconoces haberla le\u00eddo.  <\/span><\/p>\n<p><span style=\"font-weight: 400;\">Informaci\u00f3n que recogemos<\/span><\/p>\n<p><span style=\"font-weight: 400;\">Informaci\u00f3n que los usuarios proporcionan manualmente en nuestro sitio web. Esta informaci\u00f3n se recopila en nuestro Formulario de Inscripci\u00f3n (Registro) e incluye nombre, direcci\u00f3n y direcci\u00f3n de correo electr\u00f3nico. Esta informaci\u00f3n no se comparte ni se utiliza para ning\u00fan prop\u00f3sito de marketing.  <\/span><\/p>\n<p><span style=\"font-weight: 400;\">Pedidos de productos. Recogemos diversos datos personales con cada pedido de productos.  Pedidos de Productos. Recopilamos una variedad de informaci\u00f3n personal con cada pedido de producto. Esto incluye: tu nombre, direcci\u00f3n, direcci\u00f3n de correo electr\u00f3nico, y otra informaci\u00f3n personal. Esta informaci\u00f3n se comparte con nuestros proveedores de software de comercio electr\u00f3nico para garantizar la finalizaci\u00f3n de tu pedido. Usamos tu correo electr\u00f3nico para comunicarnos contigo sobre tu pedido y para gestionar nuestra relaci\u00f3n con el cliente. Cuando realizas un pedido, puedes ser agregado a nuestra lista de correo de la cual puedes darte de baja en cualquier momento usando el enlace de cancelaci\u00f3n de suscripci\u00f3n en cada correo electr\u00f3nico o contact\u00e1ndonos a customer.relations@njcreditrepairllc.com.   <\/span><\/p>\n<p><span style=\"font-weight: 400;\">Tu informaci\u00f3n de pago. Recopilamos informaci\u00f3n de pago para cada pedido, pero no almacenamos informaci\u00f3n de pago en NJ CREDIT REPAIR, LLC. Tu informaci\u00f3n de pago se comunica de forma segura y se procesa a trav\u00e9s de nuestros proveedores de software de comercio electr\u00f3nico.  <\/span><\/p>\n<p><span style=\"font-weight: 400;\">Actividad<\/span><\/p>\n<p><span style=\"font-weight: 400;\">Podemos registrar informaci\u00f3n relacionada con tu uso del sitio, como las b\u00fasquedas que realizas, las p\u00e1ginas que visualizas, el tipo de navegador, la direcci\u00f3n IP, la URL solicitada, la URL de referencia y la informaci\u00f3n de marca de tiempo. Utilizamos este tipo de informaci\u00f3n para administrar el sitio y proporcionar el m\u00e1s alto nivel de servicio posible. Tambi\u00e9n utilizamos esta informaci\u00f3n de manera agregada para realizar an\u00e1lisis estad\u00edsticos del comportamiento y caracter\u00edsticas de los usuarios con el fin de medir el inter\u00e9s y uso de las diversas \u00e1reas del sitio.  <\/span><\/p>\n<p><span style=\"font-weight: 400;\">Cookies<\/span><\/p>\n<p><span style=\"font-weight: 400;\">Podemos enviar cookies a tu computadora para identificar de manera \u00fanica tu navegador y mejorar la calidad de nuestro servicio. El t\u00e9rmino \u201ccookies\u201d se refiere a peque\u00f1as piezas de informaci\u00f3n que un sitio web env\u00eda al disco duro de tu computadora mientras est\u00e1s visualizando el sitio. Podemos usar tanto cookies de sesi\u00f3n (que expiran una vez que cierras tu navegador) como cookies persistentes (que permanecen en tu computadora hasta que las eliminas). Tienes la capacidad de aceptar o rechazar cookies usando la configuraci\u00f3n de tu navegador web. Si decides desactivar las cookies, algunas \u00e1reas del sitio pueden no funcionar correctamente o no funcionar en absoluto.    <\/span><\/p>\n<p><span style=\"font-weight: 400;\">C\u00d3MO SE UTILIZA TU INFORMACI\u00d3N<\/span><\/p>\n<p><span style=\"font-weight: 400;\">La informaci\u00f3n que proporcionas se utiliza para procesar transacciones, enviar correos electr\u00f3nicos peri\u00f3dicos y mejorar el servicio que ofrecemos. Compartimos tu informaci\u00f3n con terceros de confianza que nos ayudan a operar nuestro sitio web, llevar a cabo nuestro negocio y atender a clientes y visitantes. Estos terceros de confianza se comprometen a mantener esta informaci\u00f3n confidencial. Tu informaci\u00f3n personal nunca se compartir\u00e1 con terceros no relacionados.   <\/span><\/p>\n<p><span style=\"font-weight: 400;\">Enlaces de terceros<\/span><\/p>\n<p><span style=\"font-weight: 400;\">El sitio puede contener enlaces a sitios web de terceros. Excepto por lo discutido de otra manera en esta Pol\u00edtica de Privacidad, este documento solo aborda el uso y la divulgaci\u00f3n de la informaci\u00f3n que recopilamos de ti en nuestro sitio. Otros sitios accesibles a trav\u00e9s de nuestro sitio mediante enlaces o de otra manera tienen sus propias pol\u00edticas en cuanto a privacidad. No somos responsables de las pol\u00edticas o pr\u00e1cticas de privacidad de terceros.   <\/span><\/p>\n<p><span style=\"font-weight: 400;\">Seguridad<\/span><\/p>\n<p><span style=\"font-weight: 400;\">Mantenemos medidas de seguridad para proteger tu informaci\u00f3n personal de accesos no autorizados, uso indebido o divulgaci\u00f3n. Sin embargo, ning\u00fan intercambio de datos a trav\u00e9s de Internet puede garantizarse como 100% seguro. Aunque hacemos todo lo posible por proteger tu informaci\u00f3n personal compartida con nosotros a trav\u00e9s de nuestro sitio, reconoces que la informaci\u00f3n personal que compartes voluntariamente con nosotros podr\u00eda ser accedida o manipulada por un tercero. Aceptas que no somos responsables de ninguna informaci\u00f3n interceptada compartida a trav\u00e9s de nuestro sitio sin nuestro conocimiento o permiso. Adem\u00e1s, nos liberas de cualquier y todas las reclamaciones que surjan o est\u00e9n relacionadas con el uso de dicha informaci\u00f3n interceptada de manera no autorizada.    <\/span><\/p>\n<p><span style=\"font-weight: 400;\">Ni\u00f1os<\/span><\/p>\n<p><span style=\"font-weight: 400;\">Para acceder o utilizar el sitio, debes tener 18 a\u00f1os o m\u00e1s y tener el poder y la autoridad requeridos para aceptar esta Pol\u00edtica de Privacidad. Los ni\u00f1os menores de 18 a\u00f1os tienen prohibido usar el sitio. <\/span><\/p>\n<p><span style=\"font-weight: 400;\">SECCI\u00d3N 20 &#8211; INFORMACI\u00d3N DE CONTACTO<\/span><\/p>\n<p><span style=\"font-weight: 400;\">Las preguntas sobre la pol\u00edtica de privacidad deben enviarse a nosotros en 466 Hackensack Ave #1217, Hackensack, NJ 07601, Estados Unidos.<\/span><\/p>\n\t\t\t\t\t\t\t\t<\/div>\n\t\t\t\t<\/div>\n\t\t\t\t\t<\/div>\n\t\t\t\t<\/div>\n\t\t\t\t<\/div>\n\t\t","protected":false},"excerpt":{"rendered":"<p>NJ CREDIT REPAIR, LLC se compromete a proteger tu privacidad en l\u00ednea. Esta Pol\u00edtica de Privacidad describe la informaci\u00f3n personal que recopilamos a trav\u00e9s de este sitio web (el \u201csitio\u201d o \u201csitios\u201d), y c\u00f3mo recopilamos y utilizamos esa informaci\u00f3n. Los t\u00e9rminos \u201cnosotros\u201d, \u201cnuestro\u201d y \u201cnos\u201d se refieren a NJ CREDIT REPAIR, LLC. Los t\u00e9rminos \u201cusuario\u201d, [&hellip;]<\/p>\n","protected":false},"author":1,"featured_media":0,"parent":0,"menu_order":0,"comment_status":"closed","ping_status":"closed","template":"elementor_header_footer","meta":{"_acf_changed":false,"footnotes":""},"class_list":["post-8724","page","type-page","status-publish","hentry"],"acf":[],"_links":{"self":[{"href":"https:\/\/njcreditrepairllc.com\/es\/wp-json\/wp\/v2\/pages\/8724","targetHints":{"allow":["GET"]}}],"collection":[{"href":"https:\/\/njcreditrepairllc.com\/es\/wp-json\/wp\/v2\/pages"}],"about":[{"href":"https:\/\/njcreditrepairllc.com\/es\/wp-json\/wp\/v2\/types\/page"}],"author":[{"embeddable":true,"href":"https:\/\/njcreditrepairllc.com\/es\/wp-json\/wp\/v2\/users\/1"}],"replies":[{"embeddable":true,"href":"https:\/\/njcreditrepairllc.com\/es\/wp-json\/wp\/v2\/comments?post=8724"}],"version-history":[{"count":0,"href":"https:\/\/njcreditrepairllc.com\/es\/wp-json\/wp\/v2\/pages\/8724\/revisions"}],"wp:attachment":[{"href":"https:\/\/njcreditrepairllc.com\/es\/wp-json\/wp\/v2\/media?parent=8724"}],"curies":[{"name":"wp","href":"https:\/\/api.w.org\/{rel}","templated":true}]}}